{"id":1957,"date":"2024-07-09T14:55:53","date_gmt":"2024-07-09T12:55:53","guid":{"rendered":"https:\/\/amic-expose.com\/?page_id=1957"},"modified":"2025-07-28T15:42:32","modified_gmt":"2025-07-28T13:42:32","slug":"imprimir","status":"publish","type":"page","link":"https:\/\/amic-expose.com\/es\/imprimir\/","title":{"rendered":"Aviso Legal"},"content":{"rendered":"\t\t<div data-elementor-type=\"wp-page\" data-elementor-id=\"1957\" class=\"elementor elementor-1957\" data-elementor-post-type=\"page\">\n\t\t\t\t\t\t<section class=\"elementor-section elementor-top-section elementor-element elementor-element-7bf510d elementor-section-boxed elementor-section-height-default elementor-section-height-default\" data-id=\"7bf510d\" data-element_type=\"section\" data-e-type=\"section\" data-settings=\"{&quot;background_background&quot;:&quot;slideshow&quot;,&quot;background_slideshow_gallery&quot;:[{&quot;id&quot;:1960,&quot;url&quot;:&quot;https:\\\/\\\/amic-expose.com\\\/wp-content\\\/uploads\\\/header-banner-mallorca-realestate-1-1.webp&quot;},{&quot;id&quot;:1961,&quot;url&quot;:&quot;https:\\\/\\\/amic-expose.com\\\/wp-content\\\/uploads\\\/header-banner-mallorca-realestate-2-1.webp&quot;},{&quot;id&quot;:1962,&quot;url&quot;:&quot;https:\\\/\\\/amic-expose.com\\\/wp-content\\\/uploads\\\/header-banner-mallorca-realestate-3-1.webp&quot;},{&quot;id&quot;:1963,&quot;url&quot;:&quot;https:\\\/\\\/amic-expose.com\\\/wp-content\\\/uploads\\\/header-banner-mallorca-realestate-4-1.webp&quot;}],&quot;background_slideshow_slide_transition&quot;:&quot;slide_left&quot;,&quot;background_slideshow_loop&quot;:&quot;yes&quot;,&quot;background_slideshow_slide_duration&quot;:5000,&quot;background_slideshow_transition_duration&quot;:500}\">\n\t\t\t\t\t\t\t<div class=\"elementor-background-overlay\"><\/div>\n\t\t\t\t\t\t\t<div class=\"elementor-container elementor-column-gap-no\">\n\t\t\t\t\t<div class=\"elementor-column elementor-col-100 elementor-top-column elementor-element elementor-element-3465d094\" data-id=\"3465d094\" data-element_type=\"column\" data-e-type=\"column\">\n\t\t\t<div class=\"elementor-widget-wrap elementor-element-populated\">\n\t\t\t\t\t\t<div class=\"elementor-element elementor-element-21979336 uael-heading-align-center elementor-widget elementor-widget-uael-advanced-heading\" data-id=\"21979336\" data-element_type=\"widget\" data-e-type=\"widget\" data-widget_type=\"uael-advanced-heading.default\">\n\t\t\t\t<div class=\"elementor-widget-container\">\n\t\t\t\t\t\n\t\t<div class=\"uael-module-content uael-heading-wrapper\">\n\t\t\t\t\t\t\n\t\t\t<h2 class=\"uael-heading\">\n\t\t\t\t\t\t\t\t\t\t<span class=\"uael-heading-text elementor-inline-editing uael-size--xxl\" data-elementor-setting-key=\"heading_title\" data-elementor-inline-editing-toolbar=\"basic\">Aviso Legal<\/span>\n\t\t\t\t\t\t\t<\/h2>\n\n\t\t\t\n\t\t\t\n\t\t\t\n\t\t\t\t\t\t<\/div>\n\t\t\t\t\t\t<\/div>\n\t\t\t\t<\/div>\n\t\t\t\t\t<\/div>\n\t\t<\/div>\n\t\t\t\t\t<\/div>\n\t\t<\/section>\n\t\t\t\t<section class=\"elementor-section elementor-top-section elementor-element elementor-element-9ad473 elementor-section-boxed elementor-section-height-default elementor-section-height-default\" data-id=\"9ad473\" data-element_type=\"section\" data-e-type=\"section\" data-settings=\"{&quot;background_background&quot;:&quot;classic&quot;,&quot;shape_divider_bottom&quot;:&quot;arrow&quot;}\">\n\t\t\t\t\t\t\t<div class=\"elementor-background-overlay\"><\/div>\n\t\t\t\t\t\t<div class=\"elementor-shape elementor-shape-bottom\" aria-hidden=\"true\" data-negative=\"false\">\n\t\t\t<svg xmlns=\"http:\/\/www.w3.org\/2000\/svg\" viewBox=\"0 0 700 10\" preserveAspectRatio=\"none\">\n\t<path class=\"elementor-shape-fill\" d=\"M350,10L340,0h20L350,10z\"\/>\n<\/svg>\t\t<\/div>\n\t\t\t\t\t<div class=\"elementor-container elementor-column-gap-default\">\n\t\t\t\t\t<div class=\"elementor-column elementor-col-100 elementor-top-column elementor-element elementor-element-78fac13f\" data-id=\"78fac13f\" data-element_type=\"column\" data-e-type=\"column\">\n\t\t\t<div class=\"elementor-widget-wrap elementor-element-populated\">\n\t\t\t\t\t\t<div class=\"elementor-element elementor-element-5cc0175 elementor-widget elementor-widget-text-editor\" data-id=\"5cc0175\" data-element_type=\"widget\" data-e-type=\"widget\" data-widget_type=\"text-editor.default\">\n\t\t\t\t<div class=\"elementor-widget-container\">\n\t\t\t\t\t\t\t\t\t<p><strong>Responsable de este sitio web:<\/strong><\/p><p><strong>Allfinanz Mallorca by Expats Illes Balears S.L.<\/strong><\/p><p>Carrer de l\u2019Agulla 107<\/p><p>07590 Cala Ratjada \/ Mallorca \/ Espa\u00f1a<\/p><p><strong>Directora general:<\/strong> Bianca J\u00fcrss<\/p><p><strong>Tel\u00e9fono<\/strong>: 971831694<\/p><p><strong>Correo electr\u00f3nico:<\/strong> info@allfinanz-mallorca.com<\/p><p><strong>CIF:<\/strong> B 75254177<\/p><p><strong>Sector \/ actividad:<\/strong> Corretaje de seguros, corretaje de financiaci\u00f3n, corretaje de inmuebles<\/p><p><strong>Gesti\u00f3n de reclamaciones:<\/strong><\/p><p>Si tiene alguna queja, siempre puede comunicarse con:<\/p><p>Allfinanz Mallorca <strong>by Expats Illes Balears S.L<\/strong><\/p><p>Carrer de l\u2019Agulla 107<\/p><p>07590 Cala Ratjada \/ Mallorca \/ Espa\u00f1a<\/p><p><strong>Tel\u00e9fono<\/strong>: 971831694<\/p><p><strong>Correo electr\u00f3nico:<\/strong> info@allfinanz-mallorca.com<\/p><p><strong>Informaci\u00f3n sobre la participaci\u00f3n en el procedimiento de soluci\u00f3n de controversias de conformidad <\/strong><\/p><ol><li><strong>Contenido de la oferta online<\/strong><\/li><\/ol><p>El autor no asume ninguna responsabilidad por la actualidad, exactitud, integridad o calidad de la informaci\u00f3n proporcionada. Las reclamaciones de responsabilidad contra el autor relacionadas con da\u00f1os materiales o inmateriales causados \u200b\u200bpor el uso o no uso de la informaci\u00f3n proporcionada o por el uso de informaci\u00f3n incorrecta e incompleta est\u00e1n fundamentalmente excluidas, a menos que se pueda demostrar que el autor actu\u00f3 de manera intencional o negligente grave. Tiene la culpa. Todas las ofertas son sin compromiso. El autor se reserva expresamente el derecho de cambiar, agregar o eliminar partes de las p\u00e1ginas o de la oferta completa o de cesar la publicaci\u00f3n de manera temporal o permanente sin previo aviso.<\/p><ol start=\"2\"><li><strong> Referencias y enlaces<\/strong><\/li><\/ol><p>En el caso de referencias directas o indirectas a sitios web externos (\u201ehiperv\u00ednculos\u201c) que est\u00e9n fuera del \u00e1rea de responsabilidad del autor, la responsabilidad solo entrar\u00eda en vigor si el autor conoc\u00eda el contenido y era t\u00e9cnicamente posible y razonable para \u00e9l. para evitar su uso en caso de contenido ilegal. El autor declara expresamente que en el momento en que se establecieron los enlaces, no se reconoc\u00eda contenido ilegal en las p\u00e1ginas enlazadas. El autor no tiene influencia alguna sobre el dise\u00f1o, contenido o autor\u00eda actual y futuro de las p\u00e1ginas enlazadas. Por lo tanto, por la presente se distancia expresamente de todo el contenido de todas las p\u00e1ginas vinculadas \/ conectadas que se hayan modificado despu\u00e9s de que se estableci\u00f3 el enlace. Esta declaraci\u00f3n se aplica a todos los enlaces y referencias establecidos dentro del sitio web de la empresa, as\u00ed como a las entradas de terceros en libros de visitas, foros de discusi\u00f3n, directorios de enlaces, listas de correo y en todas las dem\u00e1s formas de bases de datos a cuyo contenido es posible el acceso de escritura externa. Por contenido ilegal, incorrecto o incompleto y en particular por da\u00f1os resultantes del uso o no uso de la informaci\u00f3n presentada de esta manera, el proveedor de la p\u00e1gina enlazada es el \u00fanico responsable, no la persona que simplemente se refiere a la publicaci\u00f3n respectiva a trav\u00e9s de enlaces.<\/p><ol start=\"3\"><li><strong> Ley de derechos de autor y marcas comerciales<\/strong><\/li><\/ol><p>El autor se esfuerza por respetar los derechos de autor de los gr\u00e1ficos, documentos de audio, secuencias de v\u00eddeo y textos utilizados en todas las publicaciones, utilizar gr\u00e1ficos, documentos de audio, secuencias de v\u00eddeo y textos creados por \u00e9l mismo o utilizar gr\u00e1ficos, documentos de audio, secuencias de v\u00eddeo y textos sin licencia. Todas las marcas y marcas comerciales mencionadas en el sitio web y posiblemente protegidas por terceros est\u00e1n sujetas sin restricci\u00f3n a las disposiciones de la ley de marcas comerciales aplicable y a los derechos de propiedad del propietario registrado respectivo. La conclusi\u00f3n de que las marcas comerciales no est\u00e1n protegidas por los derechos de terceros no debe extraerse simplemente porque se mencionan. Los derechos de autor de los objetos publicados creados por el autor pertenecen exclusivamente al autor de las p\u00e1ginas. No se permite la reproducci\u00f3n o el uso de dichos gr\u00e1ficos, archivos de audio, secuencias de video y textos en otras publicaciones electr\u00f3nicas o impresas sin el consentimiento expreso del autor.<\/p><ol start=\"4\"><li><strong> Validez legal de este descargo de responsabilidad<\/strong><\/li><\/ol><p>Esta exenci\u00f3n de responsabilidad debe considerarse parte de la publicaci\u00f3n de Internet desde la que se le remiti\u00f3. Si partes o formulaciones individuales de este texto no se corresponden, ya no se corresponden completamente con la situaci\u00f3n legal actual, las partes restantes del documento no se ven afectadas en su contenido y validez.<\/p><p><strong>Aviso Legal:<\/strong><\/p><p>Los datos proporcionados por nosotros no pretenden ser correctos ni completos. No asumimos ninguna responsabilidad por la exactitud e integridad de los datos y documentos proporcionados por terceros. Se excluye cualquier responsabilidad por los da\u00f1os resultantes de la informaci\u00f3n aqu\u00ed proporcionada.<\/p><p><strong>Atribuci\u00f3n:<\/strong><\/p><p>pexels-david-vives-1474251-19765746<br \/>pexels-esther-12671580<br \/>pexels-george-desipris-858241<br \/>pexels-igor-meghega-315695093-15585593<br \/>pexels-ira-2300811-10433694<br \/>pexels-ivan-drazic-20457695-26887522<br \/>pexels-jimmy-9463022<br \/>pexels-jonasvonwerne-3354346<br \/>pexels-pacofdezsaura-23502133<br \/>pexels-petr-slovacek-770136941-18834944<br \/>pexels-pixabay-54097<br \/>pexels-wolfgang-weiser-467045605-22679779<br \/>pexels-alex-staudinger-829197-1731826<br \/>pexels-attila-marosi-1239042-2353333<br \/>pexels-brian-de-karma-806590-1689393<br \/>pexels-david-vives-1474251-5402890<br \/>pexels-david-vives-1474251-19557574<\/p>\t\t\t\t\t\t\t\t<\/div>\n\t\t\t\t<\/div>\n\t\t\t\t\t<\/div>\n\t\t<\/div>\n\t\t\t\t\t<\/div>\n\t\t<\/section>\n\t\t\t\t<section class=\"elementor-section elementor-top-section elementor-element elementor-element-61efd32c elementor-section-boxed elementor-section-height-default elementor-section-height-default\" data-id=\"61efd32c\" data-element_type=\"section\" data-e-type=\"section\" data-settings=\"{&quot;background_background&quot;:&quot;classic&quot;}\">\n\t\t\t\t\t\t\t<div class=\"elementor-background-overlay\"><\/div>\n\t\t\t\t\t\t\t<div class=\"elementor-container elementor-column-gap-default\">\n\t\t\t\t\t<div class=\"elementor-column elementor-col-50 elementor-top-column elementor-element elementor-element-132418f5\" data-id=\"132418f5\" data-element_type=\"column\" data-e-type=\"column\" data-settings=\"{&quot;background_background&quot;:&quot;classic&quot;}\">\n\t\t\t<div class=\"elementor-widget-wrap elementor-element-populated\">\n\t\t\t\t\t\t<div class=\"elementor-element elementor-element-13abdb53 elementor-widget elementor-widget-uael-infobox\" data-id=\"13abdb53\" data-element_type=\"widget\" data-e-type=\"widget\" data-widget_type=\"uael-infobox.default\">\n\t\t\t\t<div class=\"elementor-widget-container\">\n\t\t\t\t\t\n<div class=\"uael-module-content uael-infobox  uael-infobox-link-type-none\">\n\t<div class=\"uael-infobox-left-right-wrap\">\n\t\t\t\t\t\t<div class=\"uael-infobox-content\">\n\t\t\t\t\t\t<div class='uael-infobox-title-wrap'><h4 class=\"uael-infobox-title elementor-inline-editing\" data-elementor-setting-key=\"infobox_title\" data-elementor-inline-editing-toolbar=\"basic\" >Jetzt kostenlos beraten lassen!<\/h4><\/div>\t\t\t\t\t\t\t\t\t<div class=\"uael-infobox-text-wrap\">\n\t\t\t\t<div class=\"uael-infobox-text elementor-inline-editing\" data-elementor-setting-key=\"infobox_description\" data-elementor-inline-editing-toolbar=\"advanced\">\n\t\t\t\t\tUnser mehrsprachiges Team begleitet bei allen Schritten.\t\t\t\t<\/div>\n\t\t\t\t\t\n\t\t\t\t\t\t\t<\/div>\n\t\t<\/div>\n\t\t\t<\/div>\n<\/div>\n\t\t\t\t<\/div>\n\t\t\t\t<\/div>\n\t\t\t\t\t<\/div>\n\t\t<\/div>\n\t\t\t\t<div class=\"elementor-column elementor-col-50 elementor-top-column elementor-element elementor-element-573d2b25\" data-id=\"573d2b25\" data-element_type=\"column\" data-e-type=\"column\">\n\t\t\t<div class=\"elementor-widget-wrap elementor-element-populated\">\n\t\t\t\t\t\t<div class=\"elementor-element elementor-element-15dd16b4 elementor-align-center uael-mbutton-text-center elementor-widget elementor-widget-uael-marketing-button\" data-id=\"15dd16b4\" data-element_type=\"widget\" data-e-type=\"widget\" data-settings=\"{&quot;icon_size&quot;:{&quot;unit&quot;:&quot;px&quot;,&quot;size&quot;:&quot;&quot;,&quot;sizes&quot;:[]},&quot;icon_size_tablet&quot;:{&quot;unit&quot;:&quot;px&quot;,&quot;size&quot;:&quot;&quot;,&quot;sizes&quot;:[]},&quot;icon_size_mobile&quot;:{&quot;unit&quot;:&quot;px&quot;,&quot;size&quot;:&quot;&quot;,&quot;sizes&quot;:[]},&quot;icon_indent&quot;:{&quot;unit&quot;:&quot;px&quot;,&quot;size&quot;:&quot;&quot;,&quot;sizes&quot;:[]},&quot;icon_indent_tablet&quot;:{&quot;unit&quot;:&quot;px&quot;,&quot;size&quot;:&quot;&quot;,&quot;sizes&quot;:[]},&quot;icon_indent_mobile&quot;:{&quot;unit&quot;:&quot;px&quot;,&quot;size&quot;:&quot;&quot;,&quot;sizes&quot;:[]},&quot;align&quot;:&quot;center&quot;,&quot;padding&quot;:{&quot;unit&quot;:&quot;px&quot;,&quot;top&quot;:&quot;&quot;,&quot;right&quot;:&quot;&quot;,&quot;bottom&quot;:&quot;&quot;,&quot;left&quot;:&quot;&quot;,&quot;isLinked&quot;:true},&quot;padding_tablet&quot;:{&quot;unit&quot;:&quot;px&quot;,&quot;top&quot;:&quot;&quot;,&quot;right&quot;:&quot;&quot;,&quot;bottom&quot;:&quot;&quot;,&quot;left&quot;:&quot;&quot;,&quot;isLinked&quot;:true},&quot;padding_mobile&quot;:{&quot;unit&quot;:&quot;px&quot;,&quot;top&quot;:&quot;&quot;,&quot;right&quot;:&quot;&quot;,&quot;bottom&quot;:&quot;&quot;,&quot;left&quot;:&quot;&quot;,&quot;isLinked&quot;:true},&quot;title_margin_bottom&quot;:{&quot;unit&quot;:&quot;px&quot;,&quot;size&quot;:&quot;&quot;,&quot;sizes&quot;:[]},&quot;title_margin_bottom_tablet&quot;:{&quot;unit&quot;:&quot;px&quot;,&quot;size&quot;:&quot;&quot;,&quot;sizes&quot;:[]},&quot;title_margin_bottom_mobile&quot;:{&quot;unit&quot;:&quot;px&quot;,&quot;size&quot;:&quot;&quot;,&quot;sizes&quot;:[]}}\" data-widget_type=\"uael-marketing-button.default\">\n\t\t\t\t<div class=\"elementor-widget-container\">\n\t\t\t\t\t\t\t<div class=\"uael-marketing-button elementor-widget-button\">\n\t\t\t<div class=\"uael-button-wrapper\">\n\t\t\t\t<a class=\"elementor-button-link elementor-button elementor-size-md uael-marketing-buttons-left\" href=\"#\">\n\t\t\t\t\t\t\t\t\t\t\t\t\t<span class=\"uael-marketing-buttons-wrap\">\n\t\t\t<span class=\"elementor-button-content-wrapper uael-buttons-icon-left\">\n\t\t\t\t\t\t\t\t\t\n\t\t\t\t<span class=\"elementor-align-icon-left elementor-button-icon\">\n\n\t\t\t\t\t<svg aria-hidden=\"true\" class=\"e-font-icon-svg e-fas-phone-alt\" viewBox=\"0 0 512 512\" xmlns=\"http:\/\/www.w3.org\/2000\/svg\"><path d=\"M497.39 361.8l-112-48a24 24 0 0 0-28 6.9l-49.6 60.6A370.66 370.66 0 0 1 130.6 204.11l60.6-49.6a23.94 23.94 0 0 0 6.9-28l-48-112A24.16 24.16 0 0 0 122.6.61l-104 24A24 24 0 0 0 0 48c0 256.5 207.9 464 464 464a24 24 0 0 0 23.4-18.6l24-104a24.29 24.29 0 0 0-14.01-27.6z\"><\/path><\/svg>\n\t\t\t\t<\/span>\n\t\t\t\t\t\t\t\t\t\t\t\t\t<span class=\"elementor-button-text uael-marketing-button-title elementor-inline-editing\" data-elementor-setting-key=\"text\" data-elementor-inline-editing-toolbar=\"none\">Jetzt Anrufen<\/span>\n\t\t\t<\/span>\n\t\t\t\t\t<\/span>\n\t\t\t\t\t\t<\/a>\n\t\t\t<\/div>\n\t\t<\/div>\n\t\t\t\t\t\t<\/div>\n\t\t\t\t<\/div>\n\t\t\t\t<div class=\"elementor-element elementor-element-2ac260a elementor-align-center uael-mbutton-text-center elementor-widget elementor-widget-uael-marketing-button\" data-id=\"2ac260a\" data-element_type=\"widget\" data-e-type=\"widget\" data-settings=\"{&quot;icon_size&quot;:{&quot;unit&quot;:&quot;px&quot;,&quot;size&quot;:&quot;&quot;,&quot;sizes&quot;:[]},&quot;icon_size_tablet&quot;:{&quot;unit&quot;:&quot;px&quot;,&quot;size&quot;:&quot;&quot;,&quot;sizes&quot;:[]},&quot;icon_size_mobile&quot;:{&quot;unit&quot;:&quot;px&quot;,&quot;size&quot;:&quot;&quot;,&quot;sizes&quot;:[]},&quot;icon_indent&quot;:{&quot;unit&quot;:&quot;px&quot;,&quot;size&quot;:&quot;&quot;,&quot;sizes&quot;:[]},&quot;icon_indent_tablet&quot;:{&quot;unit&quot;:&quot;px&quot;,&quot;size&quot;:&quot;&quot;,&quot;sizes&quot;:[]},&quot;icon_indent_mobile&quot;:{&quot;unit&quot;:&quot;px&quot;,&quot;size&quot;:&quot;&quot;,&quot;sizes&quot;:[]},&quot;align&quot;:&quot;center&quot;,&quot;padding&quot;:{&quot;unit&quot;:&quot;px&quot;,&quot;top&quot;:&quot;&quot;,&quot;right&quot;:&quot;&quot;,&quot;bottom&quot;:&quot;&quot;,&quot;left&quot;:&quot;&quot;,&quot;isLinked&quot;:true},&quot;padding_tablet&quot;:{&quot;unit&quot;:&quot;px&quot;,&quot;top&quot;:&quot;&quot;,&quot;right&quot;:&quot;&quot;,&quot;bottom&quot;:&quot;&quot;,&quot;left&quot;:&quot;&quot;,&quot;isLinked&quot;:true},&quot;padding_mobile&quot;:{&quot;unit&quot;:&quot;px&quot;,&quot;top&quot;:&quot;&quot;,&quot;right&quot;:&quot;&quot;,&quot;bottom&quot;:&quot;&quot;,&quot;left&quot;:&quot;&quot;,&quot;isLinked&quot;:true},&quot;title_margin_bottom&quot;:{&quot;unit&quot;:&quot;px&quot;,&quot;size&quot;:&quot;&quot;,&quot;sizes&quot;:[]},&quot;title_margin_bottom_tablet&quot;:{&quot;unit&quot;:&quot;px&quot;,&quot;size&quot;:&quot;&quot;,&quot;sizes&quot;:[]},&quot;title_margin_bottom_mobile&quot;:{&quot;unit&quot;:&quot;px&quot;,&quot;size&quot;:&quot;&quot;,&quot;sizes&quot;:[]}}\" data-widget_type=\"uael-marketing-button.default\">\n\t\t\t\t<div class=\"elementor-widget-container\">\n\t\t\t\t\t\t\t<div class=\"uael-marketing-button elementor-widget-button\">\n\t\t\t<div class=\"uael-button-wrapper\">\n\t\t\t\t<a class=\"elementor-button-link elementor-button elementor-size-md uael-marketing-buttons-left\" href=\"#\">\n\t\t\t\t\t\t\t\t\t\t\t\t\t<span class=\"uael-marketing-buttons-wrap\">\n\t\t\t<span class=\"elementor-button-content-wrapper uael-buttons-icon-left\">\n\t\t\t\t\t\t\t\t\t\n\t\t\t\t<span class=\"elementor-align-icon-left elementor-button-icon\">\n\n\t\t\t\t\t<svg aria-hidden=\"true\" class=\"e-font-icon-svg e-fas-envelope-open-text\" viewBox=\"0 0 512 512\" xmlns=\"http:\/\/www.w3.org\/2000\/svg\"><path d=\"M176 216h160c8.84 0 16-7.16 16-16v-16c0-8.84-7.16-16-16-16H176c-8.84 0-16 7.16-16 16v16c0 8.84 7.16 16 16 16zm-16 80c0 8.84 7.16 16 16 16h160c8.84 0 16-7.16 16-16v-16c0-8.84-7.16-16-16-16H176c-8.84 0-16 7.16-16 16v16zm96 121.13c-16.42 0-32.84-5.06-46.86-15.19L0 250.86V464c0 26.51 21.49 48 48 48h416c26.51 0 48-21.49 48-48V250.86L302.86 401.94c-14.02 10.12-30.44 15.19-46.86 15.19zm237.61-254.18c-8.85-6.94-17.24-13.47-29.61-22.81V96c0-26.51-21.49-48-48-48h-77.55c-3.04-2.2-5.87-4.26-9.04-6.56C312.6 29.17 279.2-.35 256 0c-23.2-.35-56.59 29.17-73.41 41.44-3.17 2.3-6 4.36-9.04 6.56H96c-26.51 0-48 21.49-48 48v44.14c-12.37 9.33-20.76 15.87-29.61 22.81A47.995 47.995 0 0 0 0 200.72v10.65l96 69.35V96h320v184.72l96-69.35v-10.65c0-14.74-6.78-28.67-18.39-37.77z\"><\/path><\/svg>\n\t\t\t\t<\/span>\n\t\t\t\t\t\t\t\t\t\t\t\t\t<span class=\"elementor-button-text uael-marketing-button-title elementor-inline-editing\" data-elementor-setting-key=\"text\" data-elementor-inline-editing-toolbar=\"none\">E-Mail Senden<\/span>\n\t\t\t<\/span>\n\t\t\t\t\t<\/span>\n\t\t\t\t\t\t<\/a>\n\t\t\t<\/div>\n\t\t<\/div>\n\t\t\t\t\t\t<\/div>\n\t\t\t\t<\/div>\n\t\t\t\t\t<\/div>\n\t\t<\/div>\n\t\t\t\t\t<\/div>\n\t\t<\/section>\n\t\t\t\t<\/div>\n\t\t","protected":false},"excerpt":{"rendered":"<p>Aviso Legal Responsable de este sitio web: Allfinanz Mallorca by Expats Illes Balears S.L. Carrer de l\u2019Agulla 107 07590 Cala Ratjada \/ Mallorca \/ Espa\u00f1a Directora general: Bianca J\u00fcrss Tel\u00e9fono: 971831694 Correo electr\u00f3nico: info@allfinanz-mallorca.com CIF: B 75254177 Sector \/ actividad: Corretaje de seguros, corretaje de financiaci\u00f3n, corretaje de inmuebles Gesti\u00f3n de reclamaciones: Si tiene alguna [&hellip;]<\/p>\n","protected":false},"author":2,"featured_media":0,"parent":0,"menu_order":0,"comment_status":"closed","ping_status":"closed","template":"","meta":{"site-sidebar-layout":"no-sidebar","site-content-layout":"page-builder","ast-site-content-layout":"full-width-container","site-content-style":"default","site-sidebar-style":"default","ast-global-header-display":"","ast-banner-title-visibility":"","ast-main-header-display":"","ast-hfb-above-header-display":"","ast-hfb-below-header-display":"","ast-hfb-mobile-header-display":"","site-post-title":"disabled","ast-breadcrumbs-content":"","ast-featured-img":"disabled","footer-sml-layout":"","ast-disable-related-posts":"","theme-transparent-header-meta":"","adv-header-id-meta":"","stick-header-meta":"","header-above-stick-meta":"","header-main-stick-meta":"","header-below-stick-meta":"","astra-migrate-meta-layouts":"set","ast-page-background-enabled":"default","ast-page-background-meta":{"desktop":{"background-color":"","background-image":"","background-repeat":"repeat","background-position":"center center","background-size":"auto","background-attachment":"scroll","background-type":"","background-media":"","overlay-type":"","overlay-color":"","overlay-opacity":"","overlay-gradient":""},"tablet":{"background-color":"","background-image":"","background-repeat":"repeat","background-position":"center center","background-size":"auto","background-attachment":"scroll","background-type":"","background-media":"","overlay-type":"","overlay-color":"","overlay-opacity":"","overlay-gradient":""},"mobile":{"background-color":"","background-image":"","background-repeat":"repeat","background-position":"center center","background-size":"auto","background-attachment":"scroll","background-type":"","background-media":"","overlay-type":"","overlay-color":"","overlay-opacity":"","overlay-gradient":""}},"ast-content-background-meta":{"desktop":{"background-color":"var(--ast-global-color-5)","background-image":"","background-repeat":"repeat","background-position":"center center","background-size":"auto","background-attachment":"scroll","background-type":"","background-media":"","overlay-type":"","overlay-color":"","overlay-opacity":"","overlay-gradient":""},"tablet":{"background-color":"var(--ast-global-color-5)","background-image":"","background-repeat":"repeat","background-position":"center center","background-size":"auto","background-attachment":"scroll","background-type":"","background-media":"","overlay-type":"","overlay-color":"","overlay-opacity":"","overlay-gradient":""},"mobile":{"background-color":"var(--ast-global-color-5)","background-image":"","background-repeat":"repeat","background-position":"center center","background-size":"auto","background-attachment":"scroll","background-type":"","background-media":"","overlay-type":"","overlay-color":"","overlay-opacity":"","overlay-gradient":""}},"footnotes":""},"class_list":["post-1957","page","type-page","status-publish","hentry"],"_links":{"self":[{"href":"https:\/\/amic-expose.com\/es\/wp-json\/wp\/v2\/pages\/1957","targetHints":{"allow":["GET"]}}],"collection":[{"href":"https:\/\/amic-expose.com\/es\/wp-json\/wp\/v2\/pages"}],"about":[{"href":"https:\/\/amic-expose.com\/es\/wp-json\/wp\/v2\/types\/page"}],"author":[{"embeddable":true,"href":"https:\/\/amic-expose.com\/es\/wp-json\/wp\/v2\/users\/2"}],"replies":[{"embeddable":true,"href":"https:\/\/amic-expose.com\/es\/wp-json\/wp\/v2\/comments?post=1957"}],"version-history":[{"count":6,"href":"https:\/\/amic-expose.com\/es\/wp-json\/wp\/v2\/pages\/1957\/revisions"}],"predecessor-version":[{"id":2221,"href":"https:\/\/amic-expose.com\/es\/wp-json\/wp\/v2\/pages\/1957\/revisions\/2221"}],"wp:attachment":[{"href":"https:\/\/amic-expose.com\/es\/wp-json\/wp\/v2\/media?parent=1957"}],"curies":[{"name":"wp","href":"https:\/\/api.w.org\/{rel}","templated":true}]}}